{"id":501,"date":"2018-08-28T16:42:29","date_gmt":"2018-08-28T16:42:29","guid":{"rendered":"https:\/\/grupobye.com\/web10\/?page_id=501"},"modified":"2022-09-09T03:17:40","modified_gmt":"2022-09-09T03:17:40","slug":"cosebe","status":"publish","type":"page","link":"https:\/\/grupobye.com\/web10\/nuestra-empresas\/cosebe\/","title":{"rendered":"COSEBE"},"content":{"rendered":"<h4 style=\"text-align: justify;\"><img loading=\"lazy\" class=\"wp-image-671 aligncenter\" src=\"https:\/\/grupobye.com\/web10\/wp-content\/uploads\/2018\/08\/LOGO-COSEBE-1-1-1024x501.jpg\" alt=\"\" width=\"479\" height=\"236\" srcset=\"https:\/\/grupobye.com\/web10\/wp-content\/uploads\/2018\/08\/LOGO-COSEBE-1-1-300x147.jpg 300w, https:\/\/grupobye.com\/web10\/wp-content\/uploads\/2018\/08\/LOGO-COSEBE-1-1-768x376.jpg 768w\" sizes=\"(max-width: 479px) 100vw, 479px\" \/><\/h4>\n<h4><\/h4>\n<p style=\"text-align: justify;\"><span style=\"font-family: 'Book Antiqua', Palatino; color: #000000;\">Como empresa de recuperaci\u00f3n e investigaciones financieras, est\u00e1 consciente de la problem\u00e1tica que hoy por hoy mantienen la mayor\u00eda de empresas para recuperar los cr\u00e9ditos y capital invertido en el mercado, parte importante de la problem\u00e1tica es la econom\u00eda del pa\u00eds y des estabilizaci\u00f3n de nuestra moneda.<\/span><\/p>\n<p style=\"text-align: justify;\"><span style=\"font-family: 'Book Antiqua', Palatino;\"><span style=\"color: #000000;\">Tambi\u00e9n estamos conscientes que<\/span> la mayor parte de este problema consiste en que las entidades financieras no se dan abasto en cobertura de sus carteras, ya que no cuentan con un seguimiento extraordinario de cada uno de sus cr\u00e9ditos; debido a que esto implica mayor inversi\u00f3n, mayor control y an\u00e1lisis de trabajo diario del personal de cobranza.<\/span><\/p>\n<h4 style=\"text-align: justify;\"><\/h4>\n<h4><\/h4>\n","protected":false},"excerpt":{"rendered":"<p>Como empresa de recuperaci\u00f3n e investigaciones financieras, est\u00e1 consciente de la problem\u00e1tica que hoy por hoy mantienen la mayor\u00eda de empresas para recuperar los cr\u00e9ditos y capital invertido en el mercado, parte importante de la problem\u00e1tica es la econom\u00eda del pa\u00eds y des estabilizaci\u00f3n de nuestra moneda. Tambi\u00e9n estamos conscientes que la mayor parte de [&hellip;]<\/p>\n","protected":false},"author":1,"featured_media":0,"parent":379,"menu_order":1,"comment_status":"closed","ping_status":"closed","template":"","meta":[],"_links":{"self":[{"href":"https:\/\/grupobye.com\/web10\/wp-json\/wp\/v2\/pages\/501"}],"collection":[{"href":"https:\/\/grupobye.com\/web10\/wp-json\/wp\/v2\/pages"}],"about":[{"href":"https:\/\/grupobye.com\/web10\/wp-json\/wp\/v2\/types\/page"}],"author":[{"embeddable":true,"href":"https:\/\/grupobye.com\/web10\/wp-json\/wp\/v2\/users\/1"}],"replies":[{"embeddable":true,"href":"https:\/\/grupobye.com\/web10\/wp-json\/wp\/v2\/comments?post=501"}],"version-history":[{"count":24,"href":"https:\/\/grupobye.com\/web10\/wp-json\/wp\/v2\/pages\/501\/revisions"}],"predecessor-version":[{"id":1149,"href":"https:\/\/grupobye.com\/web10\/wp-json\/wp\/v2\/pages\/501\/revisions\/1149"}],"up":[{"embeddable":true,"href":"https:\/\/grupobye.com\/web10\/wp-json\/wp\/v2\/pages\/379"}],"wp:attachment":[{"href":"https:\/\/grupobye.com\/web10\/wp-json\/wp\/v2\/media?parent=501"}],"curies":[{"name":"wp","href":"https:\/\/api.w.org\/{rel}","templated":true}]}}