{"id":505,"date":"2018-08-28T16:43:02","date_gmt":"2018-08-28T16:43:02","guid":{"rendered":"https:\/\/grupobye.com\/web10\/?page_id=505"},"modified":"2022-09-09T03:18:47","modified_gmt":"2022-09-09T03:18:47","slug":"alpez","status":"publish","type":"page","link":"https:\/\/grupobye.com\/web10\/nuestra-empresas\/alpez\/","title":{"rendered":"ALPEZ"},"content":{"rendered":"<h3><img loading=\"lazy\" class=\"wp-image-681 aligncenter\" src=\"https:\/\/grupobye.com\/web10\/wp-content\/uploads\/2018\/08\/LOGO-ALPEZ-1-1024x573.jpg\" alt=\"\" width=\"479\" height=\"268\" srcset=\"https:\/\/grupobye.com\/web10\/wp-content\/uploads\/2018\/08\/LOGO-ALPEZ-1-1024x573.jpg 1024w, https:\/\/grupobye.com\/web10\/wp-content\/uploads\/2018\/08\/LOGO-ALPEZ-1-300x168.jpg 300w, https:\/\/grupobye.com\/web10\/wp-content\/uploads\/2018\/08\/LOGO-ALPEZ-1-768x429.jpg 768w, https:\/\/grupobye.com\/web10\/wp-content\/uploads\/2018\/08\/LOGO-ALPEZ-1.jpg 1946w\" sizes=\"(max-width: 479px) 100vw, 479px\" \/><\/h3>\n<p style=\"text-align: justify;\"><span style=\"color: #000000;\"><span style=\"font-family: 'Book Antiqua', Palatino;\">Es una empresa especializada, en el control, erradicaci\u00f3n y manejo de plagas; estamos consciente de la problem\u00e1tica que hoy por hoy mantiene la mayor\u00eda de residencias, empresas, fabricas, bodegas para el control de plagas. <\/span><span style=\"font-family: 'Book Antiqua', Palatino;\">Sabemos que parte del problema es la mutaci\u00f3n constante de estos.<\/span><\/span><\/p>\n<p style=\"text-align: justify;\"><span style=\"font-family: 'Book Antiqua', Palatino; color: #000000;\">Por lo que estamos conscientes que el problema mayor cociente en que las \u00e1reas afectadas no cuentan con un seguimiento extraordinario de cada uno de sus casos; debido a que esto implica mayor inversi\u00f3n y mayor control.<\/span><\/p>\n","protected":false},"excerpt":{"rendered":"<p>Es una empresa especializada, en el control, erradicaci\u00f3n y manejo de plagas; estamos consciente de la problem\u00e1tica que hoy por hoy mantiene la mayor\u00eda de residencias, empresas, fabricas, bodegas para el control de plagas. Sabemos que parte del problema es la mutaci\u00f3n constante de estos. Por lo que estamos conscientes que el problema mayor cociente [&hellip;]<\/p>\n","protected":false},"author":1,"featured_media":0,"parent":379,"menu_order":3,"comment_status":"closed","ping_status":"closed","template":"","meta":[],"_links":{"self":[{"href":"https:\/\/grupobye.com\/web10\/wp-json\/wp\/v2\/pages\/505"}],"collection":[{"href":"https:\/\/grupobye.com\/web10\/wp-json\/wp\/v2\/pages"}],"about":[{"href":"https:\/\/grupobye.com\/web10\/wp-json\/wp\/v2\/types\/page"}],"author":[{"embeddable":true,"href":"https:\/\/grupobye.com\/web10\/wp-json\/wp\/v2\/users\/1"}],"replies":[{"embeddable":true,"href":"https:\/\/grupobye.com\/web10\/wp-json\/wp\/v2\/comments?post=505"}],"version-history":[{"count":19,"href":"https:\/\/grupobye.com\/web10\/wp-json\/wp\/v2\/pages\/505\/revisions"}],"predecessor-version":[{"id":1151,"href":"https:\/\/grupobye.com\/web10\/wp-json\/wp\/v2\/pages\/505\/revisions\/1151"}],"up":[{"embeddable":true,"href":"https:\/\/grupobye.com\/web10\/wp-json\/wp\/v2\/pages\/379"}],"wp:attachment":[{"href":"https:\/\/grupobye.com\/web10\/wp-json\/wp\/v2\/media?parent=505"}],"curies":[{"name":"wp","href":"https:\/\/api.w.org\/{rel}","templated":true}]}}