{"id":507,"date":"2018-08-28T16:43:28","date_gmt":"2018-08-28T16:43:28","guid":{"rendered":"https:\/\/grupobye.com\/web10\/?page_id=507"},"modified":"2022-09-04T00:18:17","modified_gmt":"2022-09-04T00:18:17","slug":"inmobiliaria-eficaz","status":"publish","type":"page","link":"https:\/\/grupobye.com\/web10\/nuestra-empresas\/inmobiliaria-eficaz\/","title":{"rendered":"INMOBILIARIA EFICAZ"},"content":{"rendered":"<p><img loading=\"lazy\" class=\"wp-image-684 aligncenter\" src=\"https:\/\/grupobye.com\/web10\/wp-content\/uploads\/2018\/08\/LOGO-INMOBILIARIA-2-1024x1019.jpg\" alt=\"\" width=\"257\" height=\"240\" \/><\/p>\n<p style=\"text-align: justify;\"><span style=\"font-size: 12pt; font-family: 'Book Antiqua', Palatino;\"><span style=\"color: #000000;\">Desarrollamos estudio de mercado sobre la situaci\u00f3n actual y de futuro en las necesidades de los propietarios de bienes inmuebles as\u00ed como la demanda de usuarios en los respectivos intereses del sector inmobiliario.<\/span><\/span><\/p>\n<p style=\"text-align: justify;\"><span style=\"color: #000000; font-size: 12pt; font-family: 'Book Antiqua', Palatino;\">Nuestra responsabilidad es la mediaci\u00f3n entre clientes present\u00e1ndoles nuestros servicios y poniendo a disposici\u00f3n de los mismos toda la informaci\u00f3n en derechos y obligaciones para cualquier tipo de operaciones comercial, orient\u00e1ndoles de manera individual para velar por sus intereses.<\/span><\/p>\n<p style=\"text-align: justify;\"><span style=\"font-size: 12pt; font-family: 'Book Antiqua', Palatino;\"><span style=\"color: #000000;\">Todas estas actuaciones se realizan bajo el marco legal de aplicaci\u00f3n que en cada momento se estime por nuestro departamento jur\u00eddico, atendiendo todos los par\u00e1metros legales y las constantes modificaciones y reformas que se vienen dando actualmente.<\/span><\/span><\/p>\n<p style=\"text-align: justify;\"><span style=\"font-size: 12pt; font-family: 'Book Antiqua', Palatino;\"><span style=\"color: #000000;\">La destreza que empleamos a nivel comercial conlleva la motivaci\u00f3n profesional de nuestros comerciales y diferentes departamentos con amplia experiencia en el sector inmobiliario para una atenci\u00f3n personalizada y satisfactoria de nuestros clientes.<\/span><\/span><\/p>\n<p><span style=\"font-size: 12pt; font-family: 'Book Antiqua', Palatino;\"><span style=\"color: #000000;\">Algunos de nuestros servicios para alquiler o venta son:<\/span><\/span><\/p>\n<ol>\n<li><span style=\"font-size: 12pt; font-family: 'Book Antiqua', Palatino;\"><span style=\"color: #000000;\">Casas<\/span><\/span><\/li>\n<li><span style=\"font-size: 12pt; font-family: 'Book Antiqua', Palatino;\"><span style=\"color: #000000;\">Oficinas<\/span><\/span><\/li>\n<li><span style=\"font-size: 12pt; font-family: 'Book Antiqua', Palatino;\"><span style=\"color: #000000;\">Locales<\/span><\/span><\/li>\n<li><span style=\"font-size: 12pt; font-family: 'Book Antiqua', Palatino;\"><span style=\"color: #000000;\">Bodegas<\/span><\/span><br \/>\n<span style=\"color: #000000;\"><strong><br \/>\n<\/strong><\/span><\/li>\n<\/ol>\n","protected":false},"excerpt":{"rendered":"<p>Desarrollamos estudio de mercado sobre la situaci\u00f3n actual y de futuro en las necesidades de los propietarios de bienes inmuebles as\u00ed como la demanda de usuarios en los respectivos intereses del sector inmobiliario. Nuestra responsabilidad es la mediaci\u00f3n entre clientes present\u00e1ndoles nuestros servicios y poniendo a disposici\u00f3n de los mismos toda la informaci\u00f3n en derechos [&hellip;]<\/p>\n","protected":false},"author":1,"featured_media":0,"parent":379,"menu_order":4,"comment_status":"closed","ping_status":"closed","template":"","meta":[],"_links":{"self":[{"href":"https:\/\/grupobye.com\/web10\/wp-json\/wp\/v2\/pages\/507"}],"collection":[{"href":"https:\/\/grupobye.com\/web10\/wp-json\/wp\/v2\/pages"}],"about":[{"href":"https:\/\/grupobye.com\/web10\/wp-json\/wp\/v2\/types\/page"}],"author":[{"embeddable":true,"href":"https:\/\/grupobye.com\/web10\/wp-json\/wp\/v2\/users\/1"}],"replies":[{"embeddable":true,"href":"https:\/\/grupobye.com\/web10\/wp-json\/wp\/v2\/comments?post=507"}],"version-history":[{"count":35,"href":"https:\/\/grupobye.com\/web10\/wp-json\/wp\/v2\/pages\/507\/revisions"}],"predecessor-version":[{"id":1103,"href":"https:\/\/grupobye.com\/web10\/wp-json\/wp\/v2\/pages\/507\/revisions\/1103"}],"up":[{"embeddable":true,"href":"https:\/\/grupobye.com\/web10\/wp-json\/wp\/v2\/pages\/379"}],"wp:attachment":[{"href":"https:\/\/grupobye.com\/web10\/wp-json\/wp\/v2\/media?parent=507"}],"curies":[{"name":"wp","href":"https:\/\/api.w.org\/{rel}","templated":true}]}}