{"id":510,"date":"2018-08-28T16:50:27","date_gmt":"2018-08-28T16:50:27","guid":{"rendered":"https:\/\/grupobye.com\/web10\/?page_id=510"},"modified":"2018-09-20T18:17:36","modified_gmt":"2018-09-20T18:17:36","slug":"cobranza","status":"publish","type":"page","link":"https:\/\/grupobye.com\/web10\/servicios\/cobranza\/","title":{"rendered":"COBRANZA"},"content":{"rendered":"<h3 style=\"text-align: justify;\"><span style=\"color: #000000; font-family: 'Arial Black', 'Avant Garde';\"><strong>Somos una empresa que brinda el mejor servicio de recuperaci\u00f3n de todo tipo de cartera en mora, investigaci\u00f3n y asesor\u00eda a nuestros cliente en el \u00e1rea de:<\/strong><\/span><\/h3>\n<h3 style=\"text-align: justify;\"><span style=\"color: #000000; font-family: 'Arial Black', 'Avant Garde';\"><strong>. Cr\u00e9ditos y cobros.<\/strong><\/span><br \/>\n<span style=\"color: #000000; font-family: 'Arial Black', 'Avant Garde';\"><strong>. Investigaciones financieras.<\/strong><\/span><br \/>\n<span style=\"color: #000000; font-family: 'Arial Black', 'Avant Garde';\"><strong>. Administrativa y legal.<\/strong><\/span><\/h3>\n<h3 style=\"text-align: justify;\"><span style=\"color: #000000; font-family: 'Arial Black', 'Avant Garde';\"><strong>Para ello contamos con cinco unidades de cobro:<\/strong><\/span><\/h3>\n<h3 style=\"text-align: justify;\"><span style=\"color: #000000; font-family: 'Arial Black', 'Avant Garde';\"><strong>1.- Telef\u00f3nico.<\/strong><\/span><br \/>\n<span style=\"color: #000000; font-family: 'Arial Black', 'Avant Garde';\"><strong>2.- Unidad de cobradores domiciliarios.<\/strong><\/span><br \/>\n<span style=\"color: #000000; font-family: 'Arial Black', 'Avant Garde';\"><strong>3.- Unidad de seguimiento de casos en cobro jur\u00eddico.<\/strong><\/span><br \/>\n<span style=\"color: #000000; font-family: 'Arial Black', 'Avant Garde';\"><strong>4.- Unidad de recuperaci\u00f3n de cheque rechazados.<\/strong><\/span><br \/>\n<span style=\"color: #000000; font-family: 'Arial Black', 'Avant Garde';\"><strong>5.- Y auxiliares de comunicaciones (call center)<\/strong><\/span><br \/>\n<span style=\"color: #000000; font-family: 'Arial Black', 'Avant Garde';\"><strong>\u00a0 \u00a0 \u00a0 los cuales se dedican exclusivamente al<br \/>\n<\/strong><strong>\u00a0 \u00a0 \u00a0 manejo de las cuentas morosas.<\/strong><\/span><\/h3>\n<h3 style=\"text-align: justify;\"><span style=\"color: #000000; font-family: 'Arial Black', 'Avant Garde';\"><strong>A efecto de lograr una recuperaci\u00f3n efectiva de las cuentas, el proceso de cobro esta estructurado de la siguiente manera:<\/strong><\/span><\/h3>\n<h3 style=\"text-align: justify;\"><span style=\"color: #000000; font-family: 'Arial Black', 'Avant Garde';\"><strong>. Localizaci\u00f3n de cliente.<\/strong><\/span><br \/>\n<span style=\"color: #000000; font-family: 'Arial Black', 'Avant Garde';\"><strong>. Gesti\u00f3n de cobro.<\/strong><\/span><br \/>\n<span style=\"color: #000000; font-family: 'Arial Black', 'Avant Garde';\"><strong>. Asesoramiento.<\/strong><\/span><br \/>\n<span style=\"color: #000000; font-family: 'Arial Black', 'Avant Garde';\"><strong>. Reestructuraci\u00f3n de deudas.<\/strong><\/span><br \/>\n<span style=\"color: #000000; font-family: 'Arial Black', 'Avant Garde';\"><strong>. Administraci\u00f3n.<\/strong><\/span><\/h3>\n<h4 style=\"text-align: justify;\"><strong><img loading=\"lazy\" class=\"wp-image-579 aligncenter\" src=\"https:\/\/grupobye.com\/web10\/wp-content\/uploads\/2018\/08\/spectrum-gestion-cobranza-modelo-de-procesos.jpg\" alt=\"\" width=\"487\" height=\"281\" \/><\/strong><\/h4>\n","protected":false},"excerpt":{"rendered":"<p>Somos una empresa que brinda el mejor servicio de recuperaci\u00f3n de todo tipo de cartera en mora, investigaci\u00f3n y asesor\u00eda a nuestros cliente en el \u00e1rea de: . Cr\u00e9ditos y cobros. . Investigaciones financieras. . Administrativa y legal. Para ello contamos con cinco unidades de cobro: 1.- Telef\u00f3nico. 2.- Unidad de cobradores domiciliarios. 3.- Unidad [&hellip;]<\/p>\n","protected":false},"author":1,"featured_media":0,"parent":384,"menu_order":1,"comment_status":"closed","ping_status":"closed","template":"","meta":[],"_links":{"self":[{"href":"https:\/\/grupobye.com\/web10\/wp-json\/wp\/v2\/pages\/510"}],"collection":[{"href":"https:\/\/grupobye.com\/web10\/wp-json\/wp\/v2\/pages"}],"about":[{"href":"https:\/\/grupobye.com\/web10\/wp-json\/wp\/v2\/types\/page"}],"author":[{"embeddable":true,"href":"https:\/\/grupobye.com\/web10\/wp-json\/wp\/v2\/users\/1"}],"replies":[{"embeddable":true,"href":"https:\/\/grupobye.com\/web10\/wp-json\/wp\/v2\/comments?post=510"}],"version-history":[{"count":37,"href":"https:\/\/grupobye.com\/web10\/wp-json\/wp\/v2\/pages\/510\/revisions"}],"predecessor-version":[{"id":971,"href":"https:\/\/grupobye.com\/web10\/wp-json\/wp\/v2\/pages\/510\/revisions\/971"}],"up":[{"embeddable":true,"href":"https:\/\/grupobye.com\/web10\/wp-json\/wp\/v2\/pages\/384"}],"wp:attachment":[{"href":"https:\/\/grupobye.com\/web10\/wp-json\/wp\/v2\/media?parent=510"}],"curies":[{"name":"wp","href":"https:\/\/api.w.org\/{rel}","templated":true}]}}