{"id":513,"date":"2018-08-28T16:51:24","date_gmt":"2018-08-28T16:51:24","guid":{"rendered":"https:\/\/grupobye.com\/web10\/?page_id=513"},"modified":"2018-09-20T18:17:59","modified_gmt":"2018-09-20T18:17:59","slug":"derecho-administrativo","status":"publish","type":"page","link":"https:\/\/grupobye.com\/web10\/servicios\/derecho-administrativo\/","title":{"rendered":"DERECHO ADMINISTRATIVO"},"content":{"rendered":"<h3 style=\"text-align: justify;\"><span style=\"font-family: 'Arial Black', 'Avant Garde';\"><span style=\"color: #000000;\"><span style=\"color: #000000;\">Casi todas las actividades econ\u00f3micas se encuentran hoy en d\u00eda sometidas a regulaciones de car\u00e1cter administrativo.<br \/>\n<\/span><br \/>\n<span style=\"color: #000000;\">Este contexto llevo\u0301 a una mayor transparencia de la actividad de los \u00f3rganos administrativos y mejoro\u0301 la posici\u00f3n jur\u00eddica de los clientes frente al Estado.<br \/>\n<\/span><br \/>\n<span style=\"color: #000000;\">El derecho administrativo tiene una creciente importancia para las actividades empresariales que se manifiesta en una mayor seguridad jur\u00eddica de las empresas frente las decisiones del poder p\u00fablico.<br \/>\n<\/span><br \/>\n<span style=\"color: #000000;\">Hoy en d\u00eda las empresas Guatemaltecas y extranjeras tienen a su disposici\u00f3n una amplia gama de recursos administrativos y judiciales para proteger sus derechos.<br \/>\n<\/span><br \/>\n<span style=\"color: #000000;\">Los abogados de nuestro despacho apoyan a sus clientes en el asesoramiento acerca de <\/span><\/span><span style=\"color: #000000;\"><span style=\"color: #000000;\">regulaciones administrativas especiales y en <\/span><\/span><span style=\"color: #000000;\"><span style=\"color: #000000;\">procedimientos administrativos relacionados con la obtenci\u00f3n de las autorizaciones necesarias para su actividad econ\u00f3mica, as\u00ed como\u00a0en los recursos administrativos y los procesos contenciosos de car\u00e1cter administrativo.<\/span><\/span><\/span><\/h3>\n<p><img loading=\"lazy\" class=\"size-full wp-image-584 aligncenter\" src=\"https:\/\/grupobye.com\/web10\/wp-content\/uploads\/2018\/08\/sellando.jpg\" alt=\"\" width=\"469\" height=\"299\" srcset=\"https:\/\/grupobye.com\/web10\/wp-content\/uploads\/2018\/08\/sellando.jpg 469w, https:\/\/grupobye.com\/web10\/wp-content\/uploads\/2018\/08\/sellando-300x191.jpg 300w\" sizes=\"(max-width: 469px) 100vw, 469px\" \/><\/p>\n","protected":false},"excerpt":{"rendered":"<p>Casi todas las actividades econ\u00f3micas se encuentran hoy en d\u00eda sometidas a regulaciones de car\u00e1cter administrativo. Este contexto llevo\u0301 a una mayor transparencia de la actividad de los \u00f3rganos administrativos y mejoro\u0301 la posici\u00f3n jur\u00eddica de los clientes frente al Estado. El derecho administrativo tiene una creciente importancia para las actividades empresariales que se manifiesta [&hellip;]<\/p>\n","protected":false},"author":1,"featured_media":0,"parent":384,"menu_order":2,"comment_status":"closed","ping_status":"closed","template":"","meta":[],"_links":{"self":[{"href":"https:\/\/grupobye.com\/web10\/wp-json\/wp\/v2\/pages\/513"}],"collection":[{"href":"https:\/\/grupobye.com\/web10\/wp-json\/wp\/v2\/pages"}],"about":[{"href":"https:\/\/grupobye.com\/web10\/wp-json\/wp\/v2\/types\/page"}],"author":[{"embeddable":true,"href":"https:\/\/grupobye.com\/web10\/wp-json\/wp\/v2\/users\/1"}],"replies":[{"embeddable":true,"href":"https:\/\/grupobye.com\/web10\/wp-json\/wp\/v2\/comments?post=513"}],"version-history":[{"count":13,"href":"https:\/\/grupobye.com\/web10\/wp-json\/wp\/v2\/pages\/513\/revisions"}],"predecessor-version":[{"id":972,"href":"https:\/\/grupobye.com\/web10\/wp-json\/wp\/v2\/pages\/513\/revisions\/972"}],"up":[{"embeddable":true,"href":"https:\/\/grupobye.com\/web10\/wp-json\/wp\/v2\/pages\/384"}],"wp:attachment":[{"href":"https:\/\/grupobye.com\/web10\/wp-json\/wp\/v2\/media?parent=513"}],"curies":[{"name":"wp","href":"https:\/\/api.w.org\/{rel}","templated":true}]}}