{"id":515,"date":"2018-08-28T16:51:58","date_gmt":"2018-08-28T16:51:58","guid":{"rendered":"https:\/\/grupobye.com\/web10\/?page_id=515"},"modified":"2022-09-09T03:10:20","modified_gmt":"2022-09-09T03:10:20","slug":"derecho-laboral","status":"publish","type":"page","link":"https:\/\/grupobye.com\/web10\/servicios\/derecho-laboral\/","title":{"rendered":"DERECHO LABORAL"},"content":{"rendered":"<p style=\"text-align: justify;\"><span style=\"font-family: 'Book Antiqua', Palatino; color: #000000;\">Tradicionalmente, el derecho laboral guatemalteco se caracteriza por su alto grado de protecci\u00f3n a los trabajadores, lo cual es visto com\u00fanmente como uno de los logros m\u00e1s importantes de los movimientos revolucionarios a inicios del siglo veinte.<\/span><\/p>\n<p style=\"text-align: justify;\"><span style=\"font-family: 'Book Antiqua', Palatino;\"><span style=\"color: #000000;\">Consecuentemente, la legislaci\u00f3n laboral y las juntas con funciones jurisdiccionales en la materia tienen generalmente una tendencia pro-trabajador y pro-sindical.<\/span><\/span><\/p>\n<p style=\"text-align: justify;\"><span style=\"font-family: 'Book Antiqua', Palatino;\"><span style=\"color: #000000;\">Tenemos la capacidad de apoyar a nuestros clientes en la negociaci\u00f3n, elaboraci\u00f3n y revisi\u00f3n de contratos individuales y colectivos de trabajo.<\/span><\/span><\/p>\n<p style=\"text-align: justify;\"><span style=\"font-family: 'Book Antiqua', Palatino;\"><span style=\"color: #000000;\">Defendemos los intereses de nuestros clientes en sus controversias vinculados con sus relaciones individuales y colectivas de trabajo ante las juntas de conciliaci\u00f3n y arbitraje a nivel gubernamental o local.<\/span><\/span><\/p>\n<h3 style=\"text-align: justify;\"><\/h3>\n","protected":false},"excerpt":{"rendered":"<p>Tradicionalmente, el derecho laboral guatemalteco se caracteriza por su alto grado de protecci\u00f3n a los trabajadores, lo cual es visto com\u00fanmente como uno de los logros m\u00e1s importantes de los movimientos revolucionarios a inicios del siglo veinte. Consecuentemente, la legislaci\u00f3n laboral y las juntas con funciones jurisdiccionales en la materia tienen generalmente una tendencia pro-trabajador [&hellip;]<\/p>\n","protected":false},"author":1,"featured_media":0,"parent":384,"menu_order":3,"comment_status":"closed","ping_status":"closed","template":"","meta":[],"_links":{"self":[{"href":"https:\/\/grupobye.com\/web10\/wp-json\/wp\/v2\/pages\/515"}],"collection":[{"href":"https:\/\/grupobye.com\/web10\/wp-json\/wp\/v2\/pages"}],"about":[{"href":"https:\/\/grupobye.com\/web10\/wp-json\/wp\/v2\/types\/page"}],"author":[{"embeddable":true,"href":"https:\/\/grupobye.com\/web10\/wp-json\/wp\/v2\/users\/1"}],"replies":[{"embeddable":true,"href":"https:\/\/grupobye.com\/web10\/wp-json\/wp\/v2\/comments?post=515"}],"version-history":[{"count":14,"href":"https:\/\/grupobye.com\/web10\/wp-json\/wp\/v2\/pages\/515\/revisions"}],"predecessor-version":[{"id":1144,"href":"https:\/\/grupobye.com\/web10\/wp-json\/wp\/v2\/pages\/515\/revisions\/1144"}],"up":[{"embeddable":true,"href":"https:\/\/grupobye.com\/web10\/wp-json\/wp\/v2\/pages\/384"}],"wp:attachment":[{"href":"https:\/\/grupobye.com\/web10\/wp-json\/wp\/v2\/media?parent=515"}],"curies":[{"name":"wp","href":"https:\/\/api.w.org\/{rel}","templated":true}]}}