{"id":519,"date":"2018-08-28T16:52:56","date_gmt":"2018-08-28T16:52:56","guid":{"rendered":"https:\/\/grupobye.com\/web10\/?page_id=519"},"modified":"2022-09-09T03:14:00","modified_gmt":"2022-09-09T03:14:00","slug":"contrato-mercantiles","status":"publish","type":"page","link":"https:\/\/grupobye.com\/web10\/servicios\/contrato-mercantiles\/","title":{"rendered":"CONTRATO MERCANTILES"},"content":{"rendered":"<p style=\"text-align: justify;\"><span style=\"color: #000000; font-family: 'Book Antiqua', Palatino;\">Apoyamos a los clientes en la negociaci\u00f3n, elaboraci\u00f3n y revisi\u00f3n de contratos mercantiles sujetos al derecho guatemalteco.<\/span><\/p>\n<p><span style=\"font-family: 'Arial Black', 'Avant Garde';\"><span style=\"color: #000000; font-family: 'Book Antiqua', Palatino;\">Nuestro servicio se caracteriza por su minuciosidad, poniendo atenci\u00f3n hasta en el \u00faltimo detalle de las estipulaciones contractuales con el fin de prevenir diferencias futuras entre las partes sobre su relaci\u00f3n comercial.<\/span><\/span><\/p>\n<p style=\"text-align: justify;\"><span style=\"font-family: 'Book Antiqua', Palatino; color: #000000;\">En la elaboraci\u00f3n y revisi\u00f3n de contratos, nos enfocamos en asegurar la posibilidad de que prevalezcan las estipulaciones en procesos judiciales o ante \u00e1rbitros en el caso de una controversia.<\/span><\/p>\n<p style=\"text-align: justify;\"><span style=\"font-family: 'Book Antiqua', Palatino; color: #000000;\">Tenemos un profundo conocimiento de los problemas inherentes de cualquier contrato relacionado con diversos pa\u00edses y que consisten en el conflicto de leyes entre ellos, ofreciendo siempre la soluci\u00f3n m\u00e1s adecuada para las necesidades del cliente.<\/span><\/p>\n<p style=\"text-align: justify;\"><span style=\"font-family: 'Book Antiqua', Palatino; color: #000000;\">Nuestros abogados est\u00e1n enfocados en tener siempre en mente las implicaciones fiscales de cualquier transacci\u00f3n mercantil encomendada a ellos.<\/span><\/p>\n<p style=\"text-align: justify;\">\n","protected":false},"excerpt":{"rendered":"<p>Apoyamos a los clientes en la negociaci\u00f3n, elaboraci\u00f3n y revisi\u00f3n de contratos mercantiles sujetos al derecho guatemalteco. Nuestro servicio se caracteriza por su minuciosidad, poniendo atenci\u00f3n hasta en el \u00faltimo detalle de las estipulaciones contractuales con el fin de prevenir diferencias futuras entre las partes sobre su relaci\u00f3n comercial. En la elaboraci\u00f3n y revisi\u00f3n de [&hellip;]<\/p>\n","protected":false},"author":1,"featured_media":0,"parent":384,"menu_order":5,"comment_status":"closed","ping_status":"closed","template":"","meta":[],"_links":{"self":[{"href":"https:\/\/grupobye.com\/web10\/wp-json\/wp\/v2\/pages\/519"}],"collection":[{"href":"https:\/\/grupobye.com\/web10\/wp-json\/wp\/v2\/pages"}],"about":[{"href":"https:\/\/grupobye.com\/web10\/wp-json\/wp\/v2\/types\/page"}],"author":[{"embeddable":true,"href":"https:\/\/grupobye.com\/web10\/wp-json\/wp\/v2\/users\/1"}],"replies":[{"embeddable":true,"href":"https:\/\/grupobye.com\/web10\/wp-json\/wp\/v2\/comments?post=519"}],"version-history":[{"count":12,"href":"https:\/\/grupobye.com\/web10\/wp-json\/wp\/v2\/pages\/519\/revisions"}],"predecessor-version":[{"id":1147,"href":"https:\/\/grupobye.com\/web10\/wp-json\/wp\/v2\/pages\/519\/revisions\/1147"}],"up":[{"embeddable":true,"href":"https:\/\/grupobye.com\/web10\/wp-json\/wp\/v2\/pages\/384"}],"wp:attachment":[{"href":"https:\/\/grupobye.com\/web10\/wp-json\/wp\/v2\/media?parent=519"}],"curies":[{"name":"wp","href":"https:\/\/api.w.org\/{rel}","templated":true}]}}