{"id":523,"date":"2018-08-28T16:54:38","date_gmt":"2018-08-28T16:54:38","guid":{"rendered":"https:\/\/grupobye.com\/web10\/?page_id=523"},"modified":"2018-09-20T18:20:21","modified_gmt":"2018-09-20T18:20:21","slug":"area-de-pre-juridica-administrativa","status":"publish","type":"page","link":"https:\/\/grupobye.com\/web10\/servicios\/area-de-pre-juridica-administrativa\/","title":{"rendered":"\u00c1REA DE PRE-JUR\u00cdDICA ADMINISTRATIVA"},"content":{"rendered":"<h3 style=\"text-align: justify;\"><span style=\"font-family: 'Arial Black', 'Avant Garde';\"><strong><span style=\"color: #000000;\">Experiencia en el manejo y recuperaci\u00f3n<br \/>\nde Carteras Correctivas y Morosas, F.H.A.,<\/span><\/strong><strong style=\"font-size: 16px;\"><span style=\"color: #000000;\"><br \/>\n<\/span><\/strong><strong><span style=\"color: #000000;\">Foguavi, Fiduciario, Hipotecario, Tarjetas<br \/>\nde Cr\u00e9dito, Prestamos de leasing.<br \/>\n(tanto administrativa como Jur\u00eddicamente.)<\/span><\/strong><\/span><\/h3>\n<h3><span style=\"font-family: 'Arial Black', 'Avant Garde';\"><strong style=\"text-align: justify;\"><span style=\"color: #000000;\">Base de Datos.<\/span><\/strong><\/span><\/h3>\n<h3><span style=\"font-family: 'Arial Black', 'Avant Garde';\"><strong style=\"text-align: justify;\"><span style=\"color: #000000;\">Diferentes turnos y m\u00e9todos de trabajo<\/span><\/strong><\/span><\/h3>\n<h3 style=\"text-align: justify;\"><span style=\"font-family: 'Arial Black', 'Avant Garde';\"><strong><span style=\"color: #000000;\">aplicados a las necesidades de cada cartera.<\/span><\/strong><\/span><\/h3>\n<h3><span style=\"font-family: 'Arial Black', 'Avant Garde';\"><strong style=\"text-align: justify;\"><span style=\"color: #000000;\">Costos bajos y resultados altos y \u00f3ptimos.<\/span><\/strong><\/span><\/h3>\n<h3><span style=\"font-family: 'Arial Black', 'Avant Garde';\"><strong style=\"text-align: justify;\"><span style=\"color: #000000;\">Capacitaci\u00f3n en el \u00e1rea de Cobranzas.<\/span><\/strong><\/span><\/h3>\n<h3><span style=\"font-family: 'Arial Black', 'Avant Garde';\"><strong style=\"text-align: justify;\"><span style=\"color: #000000;\">Investigaciones Crediticias.<\/span><\/strong><\/span><\/h3>\n<h3><span style=\"font-family: 'Arial Black', 'Avant Garde';\"><strong style=\"text-align: justify;\"><span style=\"color: #000000;\">Localizaci\u00f3n de Clientes.<\/span><\/strong><\/span><\/h3>\n<h3><span style=\"font-family: 'Arial Black', 'Avant Garde';\"><strong style=\"text-align: justify;\"><span style=\"color: #000000;\">Seguimiento en el \u00e1rea de Cobranza.<\/span><\/strong><\/span><\/h3>\n<h3><span style=\"font-family: 'Arial Black', 'Avant Garde';\"><strong style=\"text-align: justify;\"><span style=\"color: #000000;\">Retroalimentaci\u00f3n constante de informaci\u00f3n<br \/>\n<\/span><\/strong><strong style=\"text-align: justify;\"><span style=\"color: #000000;\">a base de datos de nuestros clientes.<\/span><\/strong><\/span><\/h3>\n<h3><img loading=\"lazy\" class=\"wp-image-602 aligncenter\" src=\"https:\/\/grupobye.com\/web10\/wp-content\/uploads\/2018\/08\/ORE-JURIDICA.jpg\" alt=\"\" width=\"376\" height=\"234\" \/><\/h3>\n<p>&nbsp;<\/p>\n","protected":false},"excerpt":{"rendered":"<p>Experiencia en el manejo y recuperaci\u00f3n de Carteras Correctivas y Morosas, F.H.A., Foguavi, Fiduciario, Hipotecario, Tarjetas de Cr\u00e9dito, Prestamos de leasing. (tanto administrativa como Jur\u00eddicamente.) Base de Datos. Diferentes turnos y m\u00e9todos de trabajo aplicados a las necesidades de cada cartera. Costos bajos y resultados altos y \u00f3ptimos. Capacitaci\u00f3n en el \u00e1rea de Cobranzas. Investigaciones [&hellip;]<\/p>\n","protected":false},"author":1,"featured_media":0,"parent":384,"menu_order":7,"comment_status":"closed","ping_status":"closed","template":"","meta":[],"_links":{"self":[{"href":"https:\/\/grupobye.com\/web10\/wp-json\/wp\/v2\/pages\/523"}],"collection":[{"href":"https:\/\/grupobye.com\/web10\/wp-json\/wp\/v2\/pages"}],"about":[{"href":"https:\/\/grupobye.com\/web10\/wp-json\/wp\/v2\/types\/page"}],"author":[{"embeddable":true,"href":"https:\/\/grupobye.com\/web10\/wp-json\/wp\/v2\/users\/1"}],"replies":[{"embeddable":true,"href":"https:\/\/grupobye.com\/web10\/wp-json\/wp\/v2\/comments?post=523"}],"version-history":[{"count":18,"href":"https:\/\/grupobye.com\/web10\/wp-json\/wp\/v2\/pages\/523\/revisions"}],"predecessor-version":[{"id":977,"href":"https:\/\/grupobye.com\/web10\/wp-json\/wp\/v2\/pages\/523\/revisions\/977"}],"up":[{"embeddable":true,"href":"https:\/\/grupobye.com\/web10\/wp-json\/wp\/v2\/pages\/384"}],"wp:attachment":[{"href":"https:\/\/grupobye.com\/web10\/wp-json\/wp\/v2\/media?parent=523"}],"curies":[{"name":"wp","href":"https:\/\/api.w.org\/{rel}","templated":true}]}}