{"id":527,"date":"2018-08-28T16:56:07","date_gmt":"2018-08-28T16:56:07","guid":{"rendered":"https:\/\/grupobye.com\/web10\/?page_id=527"},"modified":"2022-09-09T02:59:56","modified_gmt":"2022-09-09T02:59:56","slug":"procedimientos-de-administracion-de-cartera-de-creditos-y-cobros","status":"publish","type":"page","link":"https:\/\/grupobye.com\/web10\/servicios\/procedimientos-de-administracion-de-cartera-de-creditos-y-cobros\/","title":{"rendered":"PROCEDIMIENTOS DE ADMINISTRACI\u00d3N DE CARTERA DE CR\u00c9DITOS Y COBROS"},"content":{"rendered":"<ul>\n<li style=\"text-align: justify;\"><span style=\"color: #000000; font-family: 'Book Antiqua', Palatino;\"> Actualizaci\u00f3n de base de datos de la informaci\u00f3n de cada uno de los cr\u00e9ditos. (Retroalimentaci\u00f3n de informaci\u00f3n constante).<\/span><\/li>\n<li><span style=\"font-family: 'Arial Black', 'Avant Garde';\"><span style=\"font-family: 'Book Antiqua', Palatino;\">Generaci\u00f3n de las cuotas mensuales.<\/span><\/span><\/li>\n<li><span style=\"color: #000000; font-family: 'Book Antiqua', Palatino;\">Recepci\u00f3n y cuadre de pagos a trav\u00e9s de <\/span><span style=\"color: #000000; font-family: 'Book Antiqua', Palatino;\">un sistema moderno y complejo.<\/span><\/li>\n<li><span style=\"color: #000000; font-family: 'Book Antiqua', Palatino;\">Generaci\u00f3n e impresi\u00f3n de recibos de pago de acuerdo a nuestro sistema contable.<strong><br \/>\n<\/strong><\/span><\/li>\n<li><span style=\"color: #000000; font-family: 'Book Antiqua', Palatino;\">Emisi\u00f3n de reportes de acuerdo a las necesidades de nuestros clientes.<\/span><\/li>\n<li><span style=\"color: #000000; font-family: 'Book Antiqua', Palatino;\">Env\u00edo semanal, quincenal o mensual de pagos de acuerdo a los par\u00e1metros establecidos con nuestros clientes.\u00a0<\/span><\/li>\n<\/ul>\n<p><span style=\"color: #000000; font-family: 'Book Antiqua', Palatino;\">Cobros preventivos y correctivos de las cuentas por\u00a0medio de:<\/span><\/p>\n<ol>\n<li>\n<p style=\"text-align: left;\"><span style=\"color: #000000; font-family: 'Book Antiqua', Palatino;\">Llamadas telef\u00f3nicas<\/span><\/p>\n<\/li>\n<li style=\"text-align: left;\"><span style=\"color: #000000; font-family: 'Book Antiqua', Palatino;\">Notificaciones extra judiciales<\/span><\/li>\n<li style=\"text-align: left;\"><span style=\"color: #000000; font-family: 'Book Antiqua', Palatino;\">Cobros ejecutivos<\/span><\/li>\n<li style=\"text-align: left;\"><span style=\"color: #000000; font-family: 'Book Antiqua', Palatino;\">Cobros domiciliares<\/span><\/li>\n<li style=\"text-align: left;\"><span style=\"color: #000000; font-family: 'Book Antiqua', Palatino;\">Notificaciones judiciales<\/span><\/li>\n<li style=\"text-align: left;\"><span style=\"color: #000000; font-family: 'Book Antiqua', Palatino;\">Cobro personalizado por cada cliente<\/span><\/li>\n<li>\n<p style=\"text-align: left;\"><span style=\"color: #000000; font-family: 'Book Antiqua', Palatino;\">Cobro v\u00eda mensajero cobrador<\/span><\/p>\n<\/li>\n<\/ol>\n<p style=\"padding-left: 30px;\">\n","protected":false},"excerpt":{"rendered":"<p>Actualizaci\u00f3n de base de datos de la informaci\u00f3n de cada uno de los cr\u00e9ditos. (Retroalimentaci\u00f3n de informaci\u00f3n constante). Generaci\u00f3n de las cuotas mensuales. Recepci\u00f3n y cuadre de pagos a trav\u00e9s de un sistema moderno y complejo. Generaci\u00f3n e impresi\u00f3n de recibos de pago de acuerdo a nuestro sistema contable. Emisi\u00f3n de reportes de acuerdo a [&hellip;]<\/p>\n","protected":false},"author":1,"featured_media":0,"parent":384,"menu_order":9,"comment_status":"closed","ping_status":"closed","template":"","meta":[],"_links":{"self":[{"href":"https:\/\/grupobye.com\/web10\/wp-json\/wp\/v2\/pages\/527"}],"collection":[{"href":"https:\/\/grupobye.com\/web10\/wp-json\/wp\/v2\/pages"}],"about":[{"href":"https:\/\/grupobye.com\/web10\/wp-json\/wp\/v2\/types\/page"}],"author":[{"embeddable":true,"href":"https:\/\/grupobye.com\/web10\/wp-json\/wp\/v2\/users\/1"}],"replies":[{"embeddable":true,"href":"https:\/\/grupobye.com\/web10\/wp-json\/wp\/v2\/comments?post=527"}],"version-history":[{"count":23,"href":"https:\/\/grupobye.com\/web10\/wp-json\/wp\/v2\/pages\/527\/revisions"}],"predecessor-version":[{"id":1141,"href":"https:\/\/grupobye.com\/web10\/wp-json\/wp\/v2\/pages\/527\/revisions\/1141"}],"up":[{"embeddable":true,"href":"https:\/\/grupobye.com\/web10\/wp-json\/wp\/v2\/pages\/384"}],"wp:attachment":[{"href":"https:\/\/grupobye.com\/web10\/wp-json\/wp\/v2\/media?parent=527"}],"curies":[{"name":"wp","href":"https:\/\/api.w.org\/{rel}","templated":true}]}}