{"id":55,"date":"2018-08-08T02:26:15","date_gmt":"2018-08-08T02:26:15","guid":{"rendered":"https:\/\/grupobye.com\/web10\/?page_id=55"},"modified":"2022-09-09T03:21:57","modified_gmt":"2022-09-09T03:21:57","slug":"mision","status":"publish","type":"page","link":"https:\/\/grupobye.com\/web10\/mision\/","title":{"rendered":"MISI\u00d3N"},"content":{"rendered":"<h1 style=\"text-align: center;\"><\/h1>\n<p style=\"text-align: center;\"><span style=\"font-family: 'Book Antiqua', Palatino; color: #000000;\">Ser un grupo profesional especializado en la administraci\u00f3n y recuperaci\u00f3n de carteras morosas judiciales y extrajudiciales as\u00ed\u00a0como tambi\u00e9n en la administraci\u00f3n\u00a0de bienes y servicios.<\/span><\/p>\n","protected":false},"excerpt":{"rendered":"<p>Ser un grupo profesional especializado en la administraci\u00f3n y recuperaci\u00f3n de carteras morosas judiciales y extrajudiciales as\u00ed\u00a0como tambi\u00e9n en la administraci\u00f3n\u00a0de bienes y servicios.<\/p>\n","protected":false},"author":1,"featured_media":0,"parent":0,"menu_order":2,"comment_status":"closed","ping_status":"closed","template":"","meta":[],"_links":{"self":[{"href":"https:\/\/grupobye.com\/web10\/wp-json\/wp\/v2\/pages\/55"}],"collection":[{"href":"https:\/\/grupobye.com\/web10\/wp-json\/wp\/v2\/pages"}],"about":[{"href":"https:\/\/grupobye.com\/web10\/wp-json\/wp\/v2\/types\/page"}],"author":[{"embeddable":true,"href":"https:\/\/grupobye.com\/web10\/wp-json\/wp\/v2\/users\/1"}],"replies":[{"embeddable":true,"href":"https:\/\/grupobye.com\/web10\/wp-json\/wp\/v2\/comments?post=55"}],"version-history":[{"count":21,"href":"https:\/\/grupobye.com\/web10\/wp-json\/wp\/v2\/pages\/55\/revisions"}],"predecessor-version":[{"id":1152,"href":"https:\/\/grupobye.com\/web10\/wp-json\/wp\/v2\/pages\/55\/revisions\/1152"}],"wp:attachment":[{"href":"https:\/\/grupobye.com\/web10\/wp-json\/wp\/v2\/media?parent=55"}],"curies":[{"name":"wp","href":"https:\/\/api.w.org\/{rel}","templated":true}]}}